{"id":139,"date":"2017-11-22T11:45:38","date_gmt":"2017-11-22T11:45:38","guid":{"rendered":"http:\/\/bis.ue.poznan.pl\/bis2020\/?page_id=139"},"modified":"2022-02-27T20:59:56","modified_gmt":"2022-02-27T19:59:56","slug":"previous-bis","status":"publish","type":"page","link":"https:\/\/bisconf.org\/2020\/previous-bis\/","title":{"rendered":"Previous BIS"},"content":{"rendered":"<p><a href=\"https:\/\/link.springer.com\/conference\/bis\" rel=\"noopener\" target=\"_blank\">Proceedings from previous BIS conferences<\/a>.<\/p>\n<div class=\"prevbis\">\n<ul style=\"width: 90%; list-style-type: none;\">\n<li class=\"rk2019\" style=\"z-index:1;\"><span>2019<\/span><a href=\"http:\/\/bis.ue.poznan.pl\/bis2019\/\" title=\"BIS 2019. 28-30 June 2019, Seville, Spain\">Seville, Spain<\/a><\/li>\n<li class=\"rk2018\" style=\"z-index:1;\"><span>2018<\/span><a href=\"http:\/\/bis.ue.poznan.pl\/bis2018\/\" title=\"BIS 2018. 18-20 July 2018, Berlin, Germany\">Berlin, Germany<\/a><\/li>\n<li class=\"rk2017\" style=\"z-index:1;\"><span>2017<\/span><a href=\"http:\/\/bis.ue.poznan.pl\/bis2017\/\" title=\"BIS 2017. 28-30 June 2017, Pozna\u0144, Poland\">Pozna\u0144, Poland<\/a><\/li>\n<li class=\"rk2016\" style=\"z-index:1;\"><span>2016<\/span><a href=\"http:\/\/bis.ue.poznan.pl\/bis2016\/\" title=\"BIS 2016. 6-8 July 2016, Leipzig, Germany\">Leipzig, Germany<\/a><\/li>\n<li class=\"rk2015\" style=\"z-index:1;\"><span>2015<\/span><a href=\"http:\/\/bis.ue.poznan.pl\/bis2015\/ \" title=\"BIS 2015. 24-26 June 2015, Pozna\u0144, Poland\">Pozna\u0144, Poland<\/a><\/li>\n<li class=\"rk2014\" style=\"z-index:1;\"><span>2014<\/span><a href=\"http:\/\/bis.ue.poznan.pl\/bis2014\/\" title=\"BIS 2014. Golden Bay Beach Hotel, Larnaca, Cyprus, 22-23 May, 2014\">Larnaca, Cyprus<\/a><\/li>\n<li class=\"rk2013\" style=\"z-index:1;\"><span>2013<\/span><a href=\"http:\/\/bis.ue.poznan.pl\/bis2013\/\" title=\"BIS 2013. Pozna\u0144, Poland 19 - 20 June, 2013\">Pozna\u0144, Poland<\/a><\/li>\n<li class=\"rk2012\" style=\"z-index:1;\"><span>2012<\/span><a href=\"http:\/\/bis.ue.poznan.pl\/bis2012\/\" title=\"BIS 2012. Pozna\u0144, Vilnius, Lithuania\">Vilnius, Lithuania<\/a><\/li>\n<li class=\"rk2011\" style=\"z-index:1;\"><span>2011<\/span><a href=\"http:\/\/bis.ue.poznan.pl\/bis2011\/\" title=\"BIS 2011. Pozna\u0144, Poland 15-17 June, 2011\">Pozna\u0144, Poland<\/a><\/li>\n<li class=\"rk2010\" style=\"z-index:1;\"><span>2010<\/span><a href=\"http:\/\/bis.ue.poznan.pl\/bis2010\/\" title=\"BIS 2010. Berlin, Germany 3-5 May, 2010\">Berlin, Germany<\/a><\/li>\n<li class=\"rk2009\" style=\"z-index:1;\"><span>2009<\/span><a href=\"http:\/\/bis.ue.poznan.pl\/bis2009\/\" title=\"BIS 2009. Poznan, Poland 27-29 April 2009\">Pozna\u0144, Poland<\/a><\/li>\n<li class=\"rk2008\" style=\"z-index:1;\"><span>2008<\/span><a href=\"http:\/\/bis.ue.poznan.pl\/bis2008\/\" title=\"BIS 2008. Innsbruck, Austria 5-7 May 2008\">Innsbruck, Austria<\/a><\/li>\n<li class=\"rk2007\" style=\"z-index:1;\"><span>2007<\/span><a href=\"http:\/\/bis.ue.poznan.pl\/bis2007\/\" title=\"BIS 2007. Poznan, Poland 25-27 April 2007\">Pozna\u0144, Poland<\/a><\/li>\n<li class=\"rk2006\" style=\"z-index:1;\"><span>2006<\/span><a href=\"http:\/\/bis.ue.poznan.pl\/bis2006\/\" title=\"\">Klagenfurt, Austria<\/a><\/li>\n<li class=\"rk2005\" style=\"z-index:1;\"><span>2005<\/span><a href=\"http:\/\/bis.ue.poznan.pl\/bis2005\/\" title=\"\">Pozna\u0144, Poland<\/a><\/li>\n<li class=\"rk2004\" style=\"z-index:1;\"><span>2004<\/span><a href=\"http:\/\/bis.ue.poznan.pl\/bis2004\/\" title=\"\">Pozna\u0144, Poland<\/a><\/li>\n<li class=\"rk2003\" style=\"z-index:1;\"><span>2003<\/span><a href=\"http:\/\/bis.ue.poznan.pl\/bis2003\/\" title=\"BIS 2003. Colorado Springs, Colorado, USA, June 4-6, 2003\">Colorado Springs, USA<\/a><\/li>\n<li class=\"rk2002\" style=\"z-index:1;\"><span>2002<\/span><a href=\"http:\/\/bis.ue.poznan.pl\/bis2002\/\" title=\"BIS 2002. Pozna\u0144, Poland. April 24-25, 2002\">Pozna\u0144, Poland<\/a><\/li>\n<li class=\"rk2000\" style=\"z-index:1;\"><span>2000<\/span><a href=\"http:\/\/bis.ue.poznan.pl\/bis2000\/\" title=\"\">Pozna\u0144, Poland<\/a><\/li>\n<li class=\"rk1999\" style=\"z-index:1;\"><span>1999<\/span><a href=\"http:\/\/bis.ue.poznan.pl\/bis1999\/\" title=\"\">Pozna\u0144, Poland<\/a><\/li>\n<li class=\"rk1998\" style=\"z-index:1;\"><span>1998<\/span><a href=\"http:\/\/bis.ue.poznan.pl\/bis1998\/\" title=\"\">Pozna\u0144, Poland<\/a><\/li>\n<li class=\"rk1997\" style=\"z-index:1;\"><span>1997<\/span><a href=\"http:\/\/bis.ue.poznan.pl\/bis1997\/\" title=\"\">Pozna\u0144, Poland<\/a><\/li>\n<\/ul>\n<\/div>\n","protected":false},"excerpt":{"rendered":"<p>Proceedings from previous BIS conferences. 2019Seville, Spain 2018Berlin, Germany 2017Pozna\u0144, Poland 2016Leipzig, Germany 2015Pozna\u0144, Poland 2014Larnaca, Cyprus 2013Pozna\u0144, Poland 2012Vilnius,&hellip; <\/p>\n","protected":false},"author":1,"featured_media":0,"parent":0,"menu_order":0,"comment_status":"closed","ping_status":"closed","template":"","meta":[],"_links":{"self":[{"href":"https:\/\/bisconf.org\/2020\/wp-json\/wp\/v2\/pages\/139"}],"collection":[{"href":"https:\/\/bisconf.org\/2020\/wp-json\/wp\/v2\/pages"}],"about":[{"href":"https:\/\/bisconf.org\/2020\/wp-json\/wp\/v2\/types\/page"}],"author":[{"embeddable":true,"href":"https:\/\/bisconf.org\/2020\/wp-json\/wp\/v2\/users\/1"}],"replies":[{"embeddable":true,"href":"https:\/\/bisconf.org\/2020\/wp-json\/wp\/v2\/comments?post=139"}],"version-history":[{"count":0,"href":"https:\/\/bisconf.org\/2020\/wp-json\/wp\/v2\/pages\/139\/revisions"}],"wp:attachment":[{"href":"https:\/\/bisconf.org\/2020\/wp-json\/wp\/v2\/media?parent=139"}],"curies":[{"name":"wp","href":"https:\/\/api.w.org\/{rel}","templated":true}]}}