{"id":18,"date":"2017-11-07T15:01:27","date_gmt":"2017-11-07T15:01:27","guid":{"rendered":"http:\/\/bis.ue.poznan.pl\/bis2020\/?page_id=18"},"modified":"2022-02-27T21:41:56","modified_gmt":"2022-02-27T20:41:56","slug":"program-committee","status":"publish","type":"page","link":"https:\/\/bisconf.org\/2020\/program-committee\/","title":{"rendered":"Program committee"},"content":{"rendered":"<h2>Steering Committee<\/h2>\n<ul>\n<li>Prof. Witold Abramowicz<\/li>\n<li>Prof. Rainer Alt<\/li>\n<li>Prof. Gary Klein<\/li>\n<li>Prof. Adrian Paschke<\/li>\n<li>Prof. Kurt Sandkuhl<\/li>\n<\/ul>\n<h2>Program committee<\/h2>\n<ul>\n<li><strong>Esma Aimeur<\/strong>, University of Montreal, Canada<\/li>\n<li><strong>Dimitris Apostolou<\/strong>, University of Piraeus, Greece<\/li>\n<li><strong>Timothy Arndt<\/strong>, Cleveland State University, United States<\/li>\n<li><strong>Gustavo Arroyo-Figueroa<\/strong>, Instituto Nacional de Electricidad y Energias Limpias, Mexico<\/li>\n<li><strong>S\u00f6ren Auer<\/strong>, TIB Leibniz Information Center Science &#038; Technology and University of Hannover, Germany<\/li>\n<li><strong>\u00d3scar Javier \u00c1vila Cifuentes<\/strong>, University of Los Andes, Colombia<\/li>\n<li><strong>Eduard Babkin<\/strong>, LITIS Laboratory, INSA Rouen; TAPRADESS Laboratory, State University &#8211; Higher School of Economics (Nizhny Novgorod), Russia<\/li>\n<li><strong>Akhilesh Bajaj<\/strong>, University of Tulsa, United States<\/li>\n<li><strong>Rafael Batres<\/strong>, Tecnol\u00f3gico de Monterrey, Mexico<\/li>\n<li><strong>Morad Benyoucef<\/strong>, University of Ottawa, Canada<\/li>\n<li><strong>Matthias Book<\/strong>, University of Iceland, Iceland<\/li>\n<li><strong>Dominik Bork<\/strong>, University of Vienna, Austria<\/li>\n<li><strong>Nizar Bouguila<\/strong>, Concordia University, Canada<\/li>\n<li><strong>Alberto Cano<\/strong>, Virginia Commonwealth University, United States<\/li>\n<li><strong>Jamie Chang<\/strong>, THU<\/li>\n<li><strong>Fran\u00e7ois Charoy<\/strong>, Universit\u00e9 de Lorraine &#8211; LORIA &#8211; Inria, France<\/li>\n<li><strong>Rafael Corchuelo<\/strong>, University of Seville, Spain<\/li>\n<li><strong>Beata Czarnacka-Chrobot<\/strong>, Warsaw School of Economics, Poland<\/li>\n<li><strong>Sergiu Dascalu<\/strong>, University of Nevada, Reno, United States<\/li>\n<li><strong>Christophe Debruyne<\/strong>, Trinity College Dublin, Ireland<\/li>\n<li><strong>Suzanne Embury<\/strong>, The University of Manchester, England<\/li>\n<li><strong>Werner Esswein<\/strong>, Lehrstuhl f\u00fcr Wirtschaftsinformatik, insb. Systementwicklung, Technische Universit\u00e4t Dresden, Germany<\/li>\n<li><strong>Joerg Evermann<\/strong>, Memorial University of Newfoundland, Canada<\/li>\n<li><strong>Agata Filipowska<\/strong>, Department of Information Systems, Poznan University of Economics and Business, Poland<\/li>\n<li><strong>Ugo Fiore<\/strong>, Federico II University, Italy<\/li>\n<li><strong>Adrian Florea<\/strong>, &#8216;Lucian Blaga&#8217; University of Sibiu, Romania<\/li>\n<li><strong>Paul Fodor<\/strong>, Stony Brook University, United States<\/li>\n<li><strong>Philippe Fournier-Viger<\/strong>, Harbin Institute of Technology (Shenzhen), China<\/li>\n<li><strong>Naoki Fukuta<\/strong>, Shizuoka University, Japan<\/li>\n<li><strong>Valeriy Gavrishchaka<\/strong>, West Virginia University, United States<\/li>\n<li><strong>Claudio Geyer<\/strong>, UFRGS, Brazil<\/li>\n<li><strong>Alfonso Gonz\u00e1lez Briones<\/strong>, BISITE Research Group, Spain<\/li>\n<li><strong>Jaap Gordijn<\/strong>, Vrije Universiteit Amsterdam, Netherlands<\/li>\n<li><strong>Volker Gruhn<\/strong>, Universit\u00e4t Duisburg-Essen, Germany<\/li>\n<li><strong>Hele-Mai Haav<\/strong>, Seniour Researcher, Institute of Cybernetics at Tallinn University of Technology, Estonia<\/li>\n<li><strong>Stephen Hayne<\/strong>, Colorado State University, United States<\/li>\n<li><strong>Inma Hernandez<\/strong>, University of Seville, Spain<\/li>\n<li><strong>Constantin Houy<\/strong>, Institute for Information Systems at DFKI (IWi), Germany<\/li>\n<li><strong>Christian Huemer<\/strong>, Vienna University of Technology, Austria<\/li>\n<li><strong>Bj\u00f6rn Johansson<\/strong>, Department of Informatics, School of Economics and Management, Lund University, Sweden<\/li>\n<li><strong>Monika Kaczmarek<\/strong>, University Duisburg Essen, Germany<\/li>\n<li><strong>Pawel Kalczynski<\/strong>, California State University, Fullerton, United States<\/li>\n<li><strong>Marite Kirikova<\/strong>, Riga Technical University, Latvia<\/li>\n<li><strong>Ralf Klischewski<\/strong>, German University in Cairo, Germany<\/li>\n<li><strong>Ralf Knackstedt<\/strong>, University of Hildesheim, Germany<\/li>\n<li><strong>Jun Kong<\/strong>, North Dakota State University, United States<\/li>\n<li><strong>Agnes Koschmider<\/strong>, Karlsruhe Institute of Technology, Germany<\/li>\n<li><strong>Dalia Kriksciuniene<\/strong>, Vilnius University, Lithuania<\/li>\n<li><strong>Chahrazed Labba<\/strong>, Universit\u00e9 de Lorraine, France<\/li>\n<li><strong>Yu Lei<\/strong>, University of Texas at Arlington, United States<\/li>\n<li><strong>Michael Leitner<\/strong>, Louisiana State University, United States<\/li>\n<li><strong>El\u017cbieta Lewa\u0144ska<\/strong>, Department of Information Systems, Poznan University of Economics and Business, Poland<\/li>\n<li><strong>Da-Yin Liao<\/strong>, National Taiwan University, Taipei, Taiwan<\/li>\n<li><strong>Jun-Lin Lin<\/strong>, Yuan Ze University, Taiwan<\/li>\n<li><strong>Julie Yu-Chih Liu<\/strong>, Yuan Ze University, Taiwan<\/li>\n<li><strong>Peter Lockemann<\/strong>, Universit\u00e4t Karlsruhe, Fakult\u00e4t f\u00fcr Informatik, Germany<\/li>\n<li><strong>Fabrizio Maria Maggi<\/strong>, Institute of Computer Science &#8211; University of Tartu, Estonia<\/li>\n<li><strong>Andrea Marrella<\/strong>, Sapienza University of Rome, Italy<\/li>\n<li><strong>Eric T. Matson<\/strong>, Purdue University, United States<\/li>\n<li><strong>Raimundas Matulevicius<\/strong>, University of Tartu, Estonia<\/li>\n<li><strong>Andreas Oberweis<\/strong>, Karlsruhe Institute of Technology, Germany<\/li>\n<li><strong>Toacy Cavalcante de Oliveira<\/strong>, COPPE\/UFRJ, Brazil<\/li>\n<li><strong>Eric Paquet<\/strong>, National Research Council, Canada<\/li>\n<li><strong>Placide Poba-Nzaou<\/strong>, ESG-UQAM, Canada<\/li>\n<li><strong>Birgit Proell<\/strong>, FAW, Johannes Kepler University Linz, Austria<\/li>\n<li><strong>Luise Pufahl<\/strong>, Hasso Plattner Institute, University of Potsdam, Germany<\/li>\n<li><strong>Elke Pulvermueller<\/strong>, Institute of Computer Science, University of Osnabrueck, Germany<\/li>\n<li><strong>Zbigniew Ras<\/strong>, UNC Charlotte, United States<\/li>\n<li><strong>Ant\u00f3nio Rito Silva<\/strong>, Universidade de Lisboa, Portugal<\/li>\n<li><strong>Oscar Mario Rodr\u00edguez-Elias<\/strong>, Instituto Tecnol\u00f3gico de Hermosillo, Mexico<\/li>\n<li><strong>David Romero<\/strong>, Tecnol\u00f3gico de Monterrey, Mexico<\/li>\n<li><strong>Duncan Ruiz<\/strong>, Pontificia Universidade Cat\u00f3lica do Rio Grande do Sul, Brazil<\/li>\n<li><strong>Virgilijus Sakalauskas<\/strong>, Vilnius University, Lithuania<\/li>\n<li><strong>Demetrios Sampson<\/strong>, Curtin University, Australia<\/li>\n<li><strong>Ant\u00f3nio Rito Silva<\/strong>, Universidade de Lisboa, Portugal<\/li>\n<li><strong>Elmar Sinz<\/strong>, University of Bamberg, Germany<\/li>\n<li><strong>Alexander Smirnov<\/strong>, SPIIRAS, Russia<\/li>\n<li><strong>Stefan Smolnik<\/strong>, University of Hagen, Germany<\/li>\n<li><strong>Davide Sottara<\/strong>, Mayo Clinic, United States<\/li>\n<li><strong>Dimitris Spiliotopoulos<\/strong>, University of Houston, United States<\/li>\n<li><strong>Milena Str\u00f3\u017cyna<\/strong>, Department of Information Systems, Poznan University of Economics and Business, Poland<\/li>\n<li><strong>York Sure-Vetter<\/strong>, Karlsruhe Institute of Technology, Germany<\/li>\n<li><strong>Kia Teymourian<\/strong>, Boston University, United States<\/li>\n<li><strong>Bob Travica<\/strong>, University of Manitoba, Canada<\/li>\n<li><strong>Herve Verjus<\/strong>, Universite Savoie Mont Blanc &#8211; LISTIC, France<\/li>\n<li><strong>Krzysztof W\u0119cel<\/strong>, Poznan University of Economics, Poland<\/li>\n<li><strong>Hans Weigand<\/strong>, Tilburg University, Netherlands<\/li>\n<li><strong>Mathias Weske<\/strong>, HPI, University of Potsdam, Germany<\/li>\n<li><strong>Anna Wingkvist<\/strong>, Linnaeus University, Sweden<\/li>\n<li><strong>Ouri Wolfson<\/strong>, University of Illinois, United States<\/li>\n<\/ul>\n","protected":false},"excerpt":{"rendered":"<p>Steering Committee Prof. Witold Abramowicz Prof. Rainer Alt Prof. Gary Klein Prof. Adrian Paschke Prof. Kurt Sandkuhl Program committee Esma&hellip; <\/p>\n","protected":false},"author":1,"featured_media":0,"parent":0,"menu_order":0,"comment_status":"closed","ping_status":"closed","template":"","meta":[],"_links":{"self":[{"href":"https:\/\/bisconf.org\/2020\/wp-json\/wp\/v2\/pages\/18"}],"collection":[{"href":"https:\/\/bisconf.org\/2020\/wp-json\/wp\/v2\/pages"}],"about":[{"href":"https:\/\/bisconf.org\/2020\/wp-json\/wp\/v2\/types\/page"}],"author":[{"embeddable":true,"href":"https:\/\/bisconf.org\/2020\/wp-json\/wp\/v2\/users\/1"}],"replies":[{"embeddable":true,"href":"https:\/\/bisconf.org\/2020\/wp-json\/wp\/v2\/comments?post=18"}],"version-history":[{"count":0,"href":"https:\/\/bisconf.org\/2020\/wp-json\/wp\/v2\/pages\/18\/revisions"}],"wp:attachment":[{"href":"https:\/\/bisconf.org\/2020\/wp-json\/wp\/v2\/media?parent=18"}],"curies":[{"name":"wp","href":"https:\/\/api.w.org\/{rel}","templated":true}]}}