{"id":20,"date":"2017-11-07T15:01:58","date_gmt":"2017-11-07T15:01:58","guid":{"rendered":"http:\/\/bis.ue.poznan.pl\/bis2020\/?page_id=20"},"modified":"2020-06-02T12:04:05","modified_gmt":"2020-06-02T10:04:05","slug":"organizing-committee","status":"publish","type":"page","link":"https:\/\/bisconf.org\/2020\/organizing-committee\/","title":{"rendered":"Organizing committee"},"content":{"rendered":"<ul>\n<li>Piotr Ka\u0142u\u017cny<\/li>\n<li>Gary Klein<\/li>\n<li>Dan Lemack<\/li>\n<li>El\u017cbieta Lewa\u0144ska<\/li>\n<li>W\u0142odzimierz Lewoniewski<\/li>\n<li>Milena Str\u00f3\u017cyna<\/li>\n<\/ul>\n<h3>Contact<\/h3>\n<table cellspacing=\"20\">\n<tbody>\n<tr valign=\"top\">\n<td><b>Milena Str\u00f3\u017cyna<\/b><br \/>\nE-mail:\u00a0<a href=\"mailto:milena.strozyna@bisconf.org\">milena.strozyna@bisconf.org<\/a>\n<\/td>\n<\/tr>\n<\/tbody>\n<\/table>\n","protected":false},"excerpt":{"rendered":"<p>Piotr Ka\u0142u\u017cny Gary Klein Dan Lemack El\u017cbieta Lewa\u0144ska W\u0142odzimierz Lewoniewski Milena Str\u00f3\u017cyna Contact Milena Str\u00f3\u017cyna E-mail:\u00a0milena.strozyna@bisconf.org<\/p>\n","protected":false},"author":1,"featured_media":0,"parent":0,"menu_order":0,"comment_status":"closed","ping_status":"closed","template":"","meta":[],"_links":{"self":[{"href":"https:\/\/bisconf.org\/2020\/wp-json\/wp\/v2\/pages\/20"}],"collection":[{"href":"https:\/\/bisconf.org\/2020\/wp-json\/wp\/v2\/pages"}],"about":[{"href":"https:\/\/bisconf.org\/2020\/wp-json\/wp\/v2\/types\/page"}],"author":[{"embeddable":true,"href":"https:\/\/bisconf.org\/2020\/wp-json\/wp\/v2\/users\/1"}],"replies":[{"embeddable":true,"href":"https:\/\/bisconf.org\/2020\/wp-json\/wp\/v2\/comments?post=20"}],"version-history":[{"count":0,"href":"https:\/\/bisconf.org\/2020\/wp-json\/wp\/v2\/pages\/20\/revisions"}],"wp:attachment":[{"href":"https:\/\/bisconf.org\/2020\/wp-json\/wp\/v2\/media?parent=20"}],"curies":[{"name":"wp","href":"https:\/\/api.w.org\/{rel}","templated":true}]}}