{"id":121,"date":"2024-06-20T11:20:57","date_gmt":"2024-06-20T09:20:57","guid":{"rendered":"http:\/\/bis.ue.poznan.pl\/bis2020\/?page_id=121"},"modified":"2024-11-20T17:37:48","modified_gmt":"2024-11-20T16:37:48","slug":"contact","status":"publish","type":"page","link":"https:\/\/bisconf.org\/2025\/contact\/","title":{"rendered":"Contact"},"content":{"rendered":"<p>Tel.: +48 61 639-28-02<br \/>\nE-mail:\u00a0<a href=\"mailto:bis2025@bisconf.org\">bis2025@bisconf.org<\/a><\/p>\n<p><strong>Pozna\u0144 University of Economics and Business<\/strong><br \/>\nAl. Niepodleg\u0142o\u015bci 10<br \/>\n61-875 Pozna\u0144, Poland<\/p>\n<h2>Localization<\/h2>\n<p><center><br \/>\n<iframe src=\"https:\/\/www.google.com\/maps\/embed?pb=!1m18!1m12!1m3!1d1624.5197478548307!2d16.91807003566059!3d52.4061433538441!2m3!1f0!2f0!3f0!3m2!1i1024!2i768!4f13.1!3m3!1m2!1s0x47045b36c036b423%3A0x94976da3619b268c!2sAl.%20Niepodleg%C5%82o%C5%9Bci%2010%2C%2061-875%20Pozna%C5%84%2C%20Polska!5e0!3m2!1spl!2sus!4v1724858143607!5m2!1spl!2sus\" width=\"100%\" height=\"450\" style=\"border:0;\" allowfullscreen=\"\" loading=\"lazy\" referrerpolicy=\"no-referrer-when-downgrade\"><\/iframe><br \/>\n<\/center><\/p>\n<h2>Social Media<\/h2>\n<p>Follow us on <a href=\"https:\/\/www.facebook.com\/BIS.conference\/\" rel=\"noopener\" target=\"_blank\">Facebook<\/a>, <a href=\"https:\/\/www.linkedin.com\/company\/bisconf\/\" rel=\"noopener\" target=\"_blank\">LinkedIn<\/a>, <a href=\"https:\/\/x.com\/BISconf\" rel=\"noopener\" target=\"_blank\">X (Twitter)<\/a>.<\/p>\n","protected":false},"excerpt":{"rendered":"<p>Tel.: +48 61 639-28-02 E-mail:\u00a0bis2025@bisconf.org Pozna\u0144 University of Economics and Business Al. Niepodleg\u0142o\u015bci 10 61-875 Pozna\u0144, Poland Localization Social Media&hellip; <\/p>\n","protected":false},"author":1,"featured_media":2809,"parent":0,"menu_order":0,"comment_status":"closed","ping_status":"closed","template":"","meta":[],"_links":{"self":[{"href":"https:\/\/bisconf.org\/2025\/wp-json\/wp\/v2\/pages\/121"}],"collection":[{"href":"https:\/\/bisconf.org\/2025\/wp-json\/wp\/v2\/pages"}],"about":[{"href":"https:\/\/bisconf.org\/2025\/wp-json\/wp\/v2\/types\/page"}],"author":[{"embeddable":true,"href":"https:\/\/bisconf.org\/2025\/wp-json\/wp\/v2\/users\/1"}],"replies":[{"embeddable":true,"href":"https:\/\/bisconf.org\/2025\/wp-json\/wp\/v2\/comments?post=121"}],"version-history":[{"count":0,"href":"https:\/\/bisconf.org\/2025\/wp-json\/wp\/v2\/pages\/121\/revisions"}],"wp:featuredmedia":[{"embeddable":true,"href":"https:\/\/bisconf.org\/2025\/wp-json\/wp\/v2\/media\/2809"}],"wp:attachment":[{"href":"https:\/\/bisconf.org\/2025\/wp-json\/wp\/v2\/media?parent=121"}],"curies":[{"name":"wp","href":"https:\/\/api.w.org\/{rel}","templated":true}]}}