{"id":121,"date":"2024-06-20T11:20:57","date_gmt":"2024-06-20T09:20:57","guid":{"rendered":"http:\/\/bis.ue.poznan.pl\/bis2020\/?page_id=121"},"modified":"2026-03-24T14:59:11","modified_gmt":"2026-03-24T13:59:11","slug":"contact","status":"publish","type":"page","link":"https:\/\/bisconf.org\/2026\/contact\/","title":{"rendered":"Contact"},"content":{"rendered":"<p>Tel.: +48 61 639-28-02<br \/>\nE-mail:\u00a0<a href=\"mailto:bis2026@bisconf.org\">bis2026@bisconf.org<\/a><\/p>\n<p><strong><a href=\"https:\/\/ue.poznan.pl\/en\/university\/\" rel=\"noopener\" target=\"_blank\">Pozna\u0144 University of Economics and Business<\/a><\/strong><br \/>\nAl. Niepodleg\u0142o\u015bci 10, 61-875 Pozna\u0144, Poland<\/p>\n<p><strong><a href=\"https:\/\/www.vse.cz\/english\/\" rel=\"noopener\" target=\"_blank\">VSE\/Prague University of Economics and Business<\/a><\/strong><br \/>\nW. Churchill Sq. 4, Praha 3, 130 67 Czech Republic<\/p>\n<p><center><br \/>\n<iframe loading=\"lazy\" style=\"border: 0;\" src=\"https:\/\/www.google.com\/maps\/embed?pb=!1m18!1m12!1m3!1d28966.39840714551!2d14.431325198832951!3d50.080813937314986!2m3!1f0!2f0!3f0!3m2!1i1024!2i768!4f13.1!3m3!1m2!1s0x470b94974b58ae79%3A0xe32c55e34e82e381!2sn%C3%A1m.%20Winstona%20Churchilla%201938%2F4%2C%20120%2000%20Praha%203-%C5%BDi%C5%BEkov%2C%20Czechia!5e0!3m2!1sen!2spl!4v1766150391829!5m2!1sen!2spl\" width=\"100%\" height=\"450\" allowfullscreen=\"allowfullscreen\"><\/iframe><\/center><\/p>\n<h2>Social Media<\/h2>\n<p>Follow us on <a href=\"https:\/\/www.facebook.com\/BIS.conference\/\" rel=\"noopener\" target=\"_blank\">Facebook<\/a>, <a href=\"https:\/\/www.linkedin.com\/company\/bisconf\/\" rel=\"noopener\" target=\"_blank\">LinkedIn<\/a>, <a href=\"https:\/\/x.com\/BISconf\" rel=\"noopener\" target=\"_blank\">X (Twitter)<\/a>.<\/p>\n","protected":false},"excerpt":{"rendered":"<p>Tel.: +48 61 639-28-02 E-mail:\u00a0bis2026@bisconf.org Pozna\u0144 University of Economics and Business Al. Niepodleg\u0142o\u015bci 10, 61-875 Pozna\u0144, Poland VSE\/Prague University of&hellip; <\/p>\n","protected":false},"author":1,"featured_media":0,"parent":0,"menu_order":0,"comment_status":"closed","ping_status":"closed","template":"","meta":[],"_links":{"self":[{"href":"https:\/\/bisconf.org\/2026\/wp-json\/wp\/v2\/pages\/121"}],"collection":[{"href":"https:\/\/bisconf.org\/2026\/wp-json\/wp\/v2\/pages"}],"about":[{"href":"https:\/\/bisconf.org\/2026\/wp-json\/wp\/v2\/types\/page"}],"author":[{"embeddable":true,"href":"https:\/\/bisconf.org\/2026\/wp-json\/wp\/v2\/users\/1"}],"replies":[{"embeddable":true,"href":"https:\/\/bisconf.org\/2026\/wp-json\/wp\/v2\/comments?post=121"}],"version-history":[{"count":0,"href":"https:\/\/bisconf.org\/2026\/wp-json\/wp\/v2\/pages\/121\/revisions"}],"wp:attachment":[{"href":"https:\/\/bisconf.org\/2026\/wp-json\/wp\/v2\/media?parent=121"}],"curies":[{"name":"wp","href":"https:\/\/api.w.org\/{rel}","templated":true}]}}