{"id":20,"date":"2024-06-07T15:01:58","date_gmt":"2024-06-07T13:01:58","guid":{"rendered":"http:\/\/bis.ue.poznan.pl\/bis2020\/?page_id=20"},"modified":"2026-03-24T14:46:04","modified_gmt":"2026-03-24T13:46:04","slug":"organizing-committee","status":"publish","type":"page","link":"https:\/\/bisconf.org\/2026\/organizing-committee\/","title":{"rendered":"Organizing committee"},"content":{"rendered":"<ul>\n<li><strong><a href=\"https:\/\/insis.vse.cz\/lide\/clovek.pl?id=116092\" rel=\"noopener\" target=\"_blank\">Jan \u010cern\u00fd<\/a><\/strong>, Prague University of Economics and Business<\/li>\n<li><strong><a href=\"https:\/\/insis.vse.cz\/lide\/clovek.pl?id=133349\" rel=\"noopener\" target=\"_blank\">Pavel Koles\u00e1r<\/a><\/strong>, Prague University of Economics and Business<\/li>\n<li><strong><a href=\"https:\/\/kie.ue.poznan.pl\/en\/elzbieta-lewanska\/\" rel=\"noopener\" target=\"_blank\">El\u017cbieta Lewa\u0144ska<\/a><\/strong>, Pozna\u0144 University of Economics and Business<\/li>\n<li><strong><a href=\"https:\/\/kie.ue.poznan.pl\/en\/wlodzimierz-lewoniewski\/\" rel=\"noopener\" target=\"_blank\">W\u0142odzimierz Lewoniewski<\/a><\/strong>, Pozna\u0144 University of Economics and Business<\/li>\n<li><strong><a href=\"https:\/\/insis.vse.cz\/lide\/clovek.pl?id=143\" rel=\"noopener\" target=\"_blank\">V\u00e1clav \u0158epa<\/a><\/strong>, Prague University of Economics and Business<\/li>\n<li><strong><a href=\"https:\/\/kie.ue.poznan.pl\/en\/milena-strozyna\/\" rel=\"noopener\" target=\"_blank\">Milena Str\u00f3\u017cyna<\/a><\/strong>, Pozna\u0144 University of Economics and Business<\/li>\n<li><strong><a href=\"https:\/\/kie.ue.poznan.pl\/en\/krzysztof-wecel\/\" rel=\"noopener\" target=\"_blank\">Krzysztof W\u0119cel<\/a><\/strong>, Pozna\u0144 University of Economics and Business<\/li>\n<\/ul>\n<h3>Contact<\/h3>\n<table cellspacing=\"20\">\n<tbody>\n<tr valign=\"top\">\n<td>E-mail:\u00a0<a href=\"mailto:contact@bisconf.org\">contact@bisconf.org<\/a><\/td>\n<\/tr>\n<\/tbody>\n<\/table>\n","protected":false},"excerpt":{"rendered":"<p>Jan \u010cern\u00fd, Prague University of Economics and Business Pavel Koles\u00e1r, Prague University of Economics and Business El\u017cbieta Lewa\u0144ska, Pozna\u0144 University&hellip; <\/p>\n","protected":false},"author":1,"featured_media":0,"parent":0,"menu_order":0,"comment_status":"closed","ping_status":"closed","template":"","meta":[],"_links":{"self":[{"href":"https:\/\/bisconf.org\/2026\/wp-json\/wp\/v2\/pages\/20"}],"collection":[{"href":"https:\/\/bisconf.org\/2026\/wp-json\/wp\/v2\/pages"}],"about":[{"href":"https:\/\/bisconf.org\/2026\/wp-json\/wp\/v2\/types\/page"}],"author":[{"embeddable":true,"href":"https:\/\/bisconf.org\/2026\/wp-json\/wp\/v2\/users\/1"}],"replies":[{"embeddable":true,"href":"https:\/\/bisconf.org\/2026\/wp-json\/wp\/v2\/comments?post=20"}],"version-history":[{"count":0,"href":"https:\/\/bisconf.org\/2026\/wp-json\/wp\/v2\/pages\/20\/revisions"}],"wp:attachment":[{"href":"https:\/\/bisconf.org\/2026\/wp-json\/wp\/v2\/media?parent=20"}],"curies":[{"name":"wp","href":"https:\/\/api.w.org\/{rel}","templated":true}]}}