{"id":2795,"date":"2024-07-30T19:30:34","date_gmt":"2024-07-30T17:30:34","guid":{"rendered":"https:\/\/bisconf.org\/2026\/?page_id=2795"},"modified":"2025-12-29T13:14:56","modified_gmt":"2025-12-29T12:14:56","slug":"conference-venue","status":"publish","type":"page","link":"https:\/\/bisconf.org\/2026\/conference-venue\/","title":{"rendered":"Conference Venue"},"content":{"rendered":"<p>Conference will be held at the <a href=\"https:\/\/www.vse.cz\/english\/\" target=\"_blank\" rel=\"noopener\">Prague University of Economics and Business<\/a>.<\/p>\n<p>The BIS 2026 will run as <strong>an in-person conference only<\/strong>. Remote attendance is not supported.<\/p>\n<h2>Localization<\/h2>\n<p><strong><a href=\"https:\/\/www.vse.cz\/english\/\" rel=\"noopener\" target=\"_blank\">VSE\/Prague University of Economics and Business<\/a><\/strong><br \/>\nAddress: W. Churchill Sq. 4, Praha 3, 130 67 Czech Republic<\/p>\n<p><center><br \/>\n<iframe loading=\"lazy\" style=\"border: 0;\" src=\"https:\/\/www.google.com\/maps\/embed?pb=!1m18!1m12!1m3!1d28966.39840714551!2d14.431325198832951!3d50.080813937314986!2m3!1f0!2f0!3f0!3m2!1i1024!2i768!4f13.1!3m3!1m2!1s0x470b94974b58ae79%3A0xe32c55e34e82e381!2sn%C3%A1m.%20Winstona%20Churchilla%201938%2F4%2C%20120%2000%20Praha%203-%C5%BDi%C5%BEkov%2C%20Czechia!5e0!3m2!1sen!2spl!4v1766150391829!5m2!1sen!2spl\" width=\"100%\" height=\"450\" allowfullscreen=\"allowfullscreen\"><\/iframe><\/center><\/p>\n<h2>Travel information<\/h2>\n<p>Prague is very well-connected and can be easily reached by plane to\u00a0<a href=\"https:\/\/www.prg.aero\/en\"><strong>V\u00e1clav Havel Airport<\/strong><\/a>\u00a0and by train to\u00a0<a href=\"https:\/\/www.prague.eu\/en\/object\/places\/2256\/prague-main-railway-station-praha-hlavni-nadrazi\"><strong>Praha Main Train Station<\/strong><\/a>.<\/p>\n<p>The connection between V\u00e1clav Havel Airport Prague and Prague city center takes about 45\u202fminutes by taxi and about 60 minutes by\u00a0<a href=\"https:\/\/www.dpp.cz\/en\/travelling\/public-transport-travelling\" target=\"_blank\" rel=\"noopener\">public transport\u00a0<\/a>bus lines connecting to subway (\u201cmetro\u201d) lines, operating at regular short intervals. There is also a direct\u00a0<a href=\"https:\/\/www.dpp.cz\/en\/travelling\/transport-to-airport\" target=\"_blank\" rel=\"noopener\"><strong>Airport Express<\/strong><\/a>\u00a0line operating between V\u00e1clav Havel Airport and the Main Train Station (Hlavn\u00ed n\u00e1dra\u017e\u00ed). Bus stops are located directly in front of terminals. The Main Train Station is about 5-minute walk from VSE\/Prague University of Economics and Business and 10 minutes from Prague downtown (Wenceslas square\/V\u00e1clavsk\u00e9 n\u00e1m\u011bst\u00ed).<\/p>\n<p>Note that Uber is the official taxi service of the Prague Airport and that the Prague public transportation has been steadily ranked as one of the\u00a0<a href=\"https:\/\/edition.cnn.com\/travel\/article\/world-best-cities-public-transit\/index.html\" target=\"_blank\" rel=\"noopener\">best in the world<\/a>. You can buy a public transport ticket using the yellow machines at each metro stop and at selected tram\/bus stops (card payment possible), or you can download the easy-to-use app for\u00a0<a href=\"https:\/\/play.google.com\/store\/apps\/details?id=cz.dpp.praguepublictransport&amp;hl=en_US&amp;gl=US\" target=\"_blank\" rel=\"noopener\">Android<\/a>\u00a0or\u00a0<a href=\"https:\/\/apps.apple.com\/us\/app\/pid-l%C3%ADta%C4%8Dka\/id983071129\" target=\"_blank\" rel=\"noopener\">iOS<\/a>. The pricing is detailed\u00a0<a href=\"https:\/\/pid.cz\/en\/travelling-around-prague\/\" target=\"_blank\" rel=\"noopener\">here<\/a>.<\/p>\n<h2>Hotel Recommendations<\/h2>\n<p>There are many options as VSE is located in the city center,\u00a0from which the university is accessible by walk (15\u201320 minutes) or by tram 5, 9, 15 and 26, as well as by subway (to Hlavn\u00ed n\u00e1dra\u017e\u00ed, line C \u2013 the red line).<\/p>\n<ul>\n<li><a href=\"https:\/\/www.hotelaristonpatioprague.cz\/cz\/\" target=\"_blank\" rel=\"noopener\"><strong>Hotel Ariston &amp; Ariston Patio<\/strong><\/a><strong>,\u00a0<\/strong>a 10 minutes walk from the event location<\/li>\n<li><a href=\"http:\/\/www.thegoldbankhotel.com\/\" target=\"_blank\" rel=\"noopener\"><strong>The Gold Bank Hotel<\/strong><\/a>, a 15 minutes walk from the event location<\/li>\n<li><a href=\"https:\/\/www.kkhotels.com\/cs\/products\/kk-hotel-central-praha\/\" target=\"_blank\" rel=\"noopener\"><strong>K+K Hotel Central<\/strong><\/a>, a 20 minutes walk from the event location<\/li>\n<li><a href=\"https:\/\/www.hotelolsanka.cz\/en\/homepage\/\" target=\"_blank\" rel=\"noopener\"><strong>Congress&amp;Welness Hotel Ol\u0161anka<\/strong><\/a>, a 25 minutes walk from the event location<\/li>\n<\/ul>\n<p>Participants are responsible for making their own hotel reservation. The cost of the hotel room is not included in the registration fee.<\/p>\n","protected":false},"excerpt":{"rendered":"<p>Conference will be held at the Prague University of Economics and Business. The BIS 2026 will run as an in-person&hellip; <\/p>\n","protected":false},"author":1,"featured_media":2962,"parent":0,"menu_order":0,"comment_status":"closed","ping_status":"closed","template":"","meta":[],"_links":{"self":[{"href":"https:\/\/bisconf.org\/2026\/wp-json\/wp\/v2\/pages\/2795"}],"collection":[{"href":"https:\/\/bisconf.org\/2026\/wp-json\/wp\/v2\/pages"}],"about":[{"href":"https:\/\/bisconf.org\/2026\/wp-json\/wp\/v2\/types\/page"}],"author":[{"embeddable":true,"href":"https:\/\/bisconf.org\/2026\/wp-json\/wp\/v2\/users\/1"}],"replies":[{"embeddable":true,"href":"https:\/\/bisconf.org\/2026\/wp-json\/wp\/v2\/comments?post=2795"}],"version-history":[{"count":0,"href":"https:\/\/bisconf.org\/2026\/wp-json\/wp\/v2\/pages\/2795\/revisions"}],"wp:featuredmedia":[{"embeddable":true,"href":"https:\/\/bisconf.org\/2026\/wp-json\/wp\/v2\/media\/2962"}],"wp:attachment":[{"href":"https:\/\/bisconf.org\/2026\/wp-json\/wp\/v2\/media?parent=2795"}],"curies":[{"name":"wp","href":"https:\/\/api.w.org\/{rel}","templated":true}]}}