{"id":2799,"date":"2024-08-24T11:01:18","date_gmt":"2024-08-24T09:01:18","guid":{"rendered":"https:\/\/bisconf.org\/2026\/?page_id=2799"},"modified":"2026-03-24T15:47:16","modified_gmt":"2026-03-24T14:47:16","slug":"program-committee","status":"publish","type":"page","link":"https:\/\/bisconf.org\/2026\/program-committee\/","title":{"rendered":"Program Committee"},"content":{"rendered":"<h2>General Co-Chairs<\/h2>\n<ul>\n<li><strong>V\u00e1clav \u0158epa<\/strong>, Prague University of Economics and Business<\/li>\n<li><strong>Krzysztof W\u0119cel<\/strong>, Pozna\u0144 University of Economics and Business<\/li>\n<\/ul>\n<h2>Honorary Chair<\/h2>\n<ul>\n<li><strong>Witold Abramowicz<\/strong>, Pozna\u0144 University of Economics and Business<\/li>\n<\/ul>\n<h2>Program Committee<\/h2>\n<ul>\n<li><strong>Simone Agostinelli<\/strong>, Sapienza University of Rome<\/li>\n<li><strong>Rainer Alt<\/strong>, Leipzig University<\/li>\n<li><strong>Pascal Andr\u00e9<\/strong>, Nantes Universit\u00e9<\/li>\n<li><strong>Dimitris Apostolou<\/strong>, University of Piraeus<\/li>\n<li><strong>Timothy Arndt<\/strong>, Cleveland State University<\/li>\n<li><strong>Oscar Avila<\/strong>, UniAndes<\/li>\n<li><strong>Abdul Babar<\/strong>, Western Sydney University<\/li>\n<li><strong>Morad Benyoucef<\/strong>, University of Ottawa<\/li>\n<li><strong>Agnieszka Bitkowska<\/strong>, Warsaw University of Technology<\/li>\n<li><strong>Dominik Bork<\/strong>, TU Wien<\/li>\n<li><strong>Tom\u00e1\u0161 Bruckner<\/strong>, Prague University of Economics and Business<\/li>\n<li><strong>Jan \u010cern\u00fd<\/strong>, Prague University of Economics and Business<\/li>\n<li><strong>Fran\u00e7ois Charoy<\/strong>, Universit\u00e9 de Lorraine &#8211; LORIA &#8211; Inria<\/li>\n<li><strong>Rafael Corchuelo<\/strong>, University of Seville<\/li>\n<li><strong>Karl Cox<\/strong>, The University of Brighton<\/li>\n<li><strong>Sergiu Dascalu<\/strong>, University of Nevada, Reno<\/li>\n<li><strong>Ant\u00f3nio Dourado<\/strong>, University of Coimbra<\/li>\n<li><strong>Suzanne Embury<\/strong>, The University of Manchester<\/li>\n<li><strong>Irene Bedilia Estrada Torres<\/strong>, Universidad de Sevilla<\/li>\n<li><strong>Stefka Fidanova<\/strong>, Bulgarian Academy of Sciences<\/li>\n<li><strong>Agata Filipowska<\/strong>, Pozna\u0144 University of Economics and Business<\/li>\n<li><strong>Adrian Florea<\/strong>, &#8216;Lucian Blaga&#8217; University of Sibiu<\/li>\n<li><strong>Naoki Fukuta<\/strong>, Shizuoka University<\/li>\n<li><strong>Jaap Gordijn<\/strong>, Vrije Universiteit Amsterdam<\/li>\n<li><strong>Andreas Harth<\/strong>, Friedrich-Alexander-Universit\u00e4t Erlangen-N\u00fcrnberg<\/li>\n<li><strong>Marcin Hernes<\/strong>, Wroc\u0142aw University of Economics and Business<\/li>\n<li><strong>Lukas Herout<\/strong>, Skoda Auto University<\/li>\n<li><strong>Ph\u1ea1m Quang Huy<\/strong>, University of Economics Ho Chi Minh City<\/li>\n<li><strong>Dorota Jelonek<\/strong>, Czestochowa University of Technology<\/li>\n<li><strong>J\u0101nis Kampars<\/strong>, Riga Technical University<\/li>\n<li><strong>Dusan Katuscak<\/strong>, Silesian University in Opava<\/li>\n<li><strong>Marite Kirikova<\/strong>, Riga Technical University<\/li>\n<li><strong>Byungwan Koh<\/strong>, Korea University<\/li>\n<li><strong>Jun Kong<\/strong>, North Dakota State University<\/li>\n<li><strong>Agnes Koschmider<\/strong>, University of Bayreuth<\/li>\n<li><strong>Dalia Kriksciuniene<\/strong>, Vilnius University<\/li>\n<li><strong>Kyriakos Kritikos<\/strong>, ICS-FORTH<\/li>\n<li><strong>Yu Lei<\/strong>, University of Texas at Arlington<\/li>\n<li><strong>El\u017cbieta Lewa\u0144ska<\/strong>, Pozna\u0144 University of Economics and Business<\/li>\n<li><strong>W\u0142odzimierz Lewoniewski<\/strong>, Pozna\u0144 University of Economics and Business<\/li>\n<li><strong>Yuzhu Li<\/strong>, University of Massachusetts Dartmouth<\/li>\n<li><strong>Raimundas Matulevicius<\/strong>, University of Tartu<\/li>\n<li><strong>Radka Nacheva<\/strong>, University of Economics \u2013 Varna<\/li>\n<li><strong>Andreas Oberweis<\/strong>, Karlsruhe Institute of Technology<\/li>\n<li><strong>Cristina-Claudia Osman<\/strong>, Babe\u0219-Bolyai University<\/li>\n<li><strong>Eric Paquet<\/strong>, National Research Council<\/li>\n<li><strong>Ronak Patel<\/strong>, Charusat University<\/li>\n<li><strong>Zbigniew Pastuszak<\/strong>, Maria Curie-Sklodowska University<\/li>\n<li><strong>Marco Pegoraro<\/strong>, RWTH Aachen University<\/li>\n<li><strong>Martin Potan\u010dok<\/strong>, Prague University of Economics and Business<\/li>\n<li><strong>Birgit Proell<\/strong>, FAW, Johannes Kepler University Linz<\/li>\n<li><strong>Elke Pulvermueller<\/strong>, Institute of Computer Science, University of Osnabrueck<\/li>\n<li><strong>David Romero<\/strong>, Tecnol\u00f3gico de Monterrey<\/li>\n<li><strong>Duncan D. Ruiz<\/strong>, Pontifical Catholic University of Rio Grande do Sul<\/li>\n<li><strong>Virgilijus Sakalauskas<\/strong>, Vilnius University<\/li>\n<li><strong>Demetrios Sampson<\/strong>, Curtin University<\/li>\n<li><strong>Kurt Sandkuhl<\/strong>, The University of Rostock<\/li>\n<li><strong>Alexander Smirnov<\/strong>, SPIIRAS<\/li>\n<li><strong>Stefan Smolnik<\/strong>, University of Hagen<\/li>\n<li><strong>Piotr Stolarski<\/strong>, Poznan University of Economics and Business<\/li>\n<li><strong>Milena Str\u00f3\u017cyna<\/strong>, Poznan University of Economics and Business<\/li>\n<li><strong>Oleg Svato\u0161<\/strong>, Prague University of Economics and Business<\/li>\n<li><strong>Maxim Vidgof<\/strong>, Vienna University of Economics and Business<\/li>\n<li><strong>Daiva Vitkut\u0117-Ad\u017egauskien\u0117<\/strong>, Vytautas Magnus University<\/li>\n<li><strong>Hans Weigand<\/strong>, Tilburg University<\/li>\n<li><strong>Zornitsa Yordanova<\/strong>, University of National and World Economy<\/li>\n<\/ul>\n","protected":false},"excerpt":{"rendered":"<p>General Co-Chairs V\u00e1clav \u0158epa, Prague University of Economics and Business Krzysztof W\u0119cel, Pozna\u0144 University of Economics and Business Honorary Chair&hellip; <\/p>\n","protected":false},"author":1,"featured_media":0,"parent":0,"menu_order":0,"comment_status":"closed","ping_status":"closed","template":"","meta":[],"_links":{"self":[{"href":"https:\/\/bisconf.org\/2026\/wp-json\/wp\/v2\/pages\/2799"}],"collection":[{"href":"https:\/\/bisconf.org\/2026\/wp-json\/wp\/v2\/pages"}],"about":[{"href":"https:\/\/bisconf.org\/2026\/wp-json\/wp\/v2\/types\/page"}],"author":[{"embeddable":true,"href":"https:\/\/bisconf.org\/2026\/wp-json\/wp\/v2\/users\/1"}],"replies":[{"embeddable":true,"href":"https:\/\/bisconf.org\/2026\/wp-json\/wp\/v2\/comments?post=2799"}],"version-history":[{"count":0,"href":"https:\/\/bisconf.org\/2026\/wp-json\/wp\/v2\/pages\/2799\/revisions"}],"wp:attachment":[{"href":"https:\/\/bisconf.org\/2026\/wp-json\/wp\/v2\/media?parent=2799"}],"curies":[{"name":"wp","href":"https:\/\/api.w.org\/{rel}","templated":true}]}}