{"id":2864,"date":"2025-03-20T13:14:59","date_gmt":"2025-03-20T12:14:59","guid":{"rendered":"https:\/\/bisconf.org\/2026\/?page_id=2864"},"modified":"2025-12-29T13:24:36","modified_gmt":"2025-12-29T12:24:36","slug":"accommodation","status":"publish","type":"page","link":"https:\/\/bisconf.org\/2026\/accommodation\/","title":{"rendered":"Accommodation"},"content":{"rendered":"<p>There are many options as VSE is located in the city center,\u00a0from which the university is accessible by walk (15\u201320 minutes) or by tram 5, 9, 15 and 26, as well as by subway (to Hlavn\u00ed n\u00e1dra\u017e\u00ed, line C \u2013 the red line).<\/p>\n<ul>\n<li><a href=\"https:\/\/www.hotelaristonpatioprague.cz\/cz\/\" target=\"_blank\" rel=\"noopener\"><strong>Hotel Ariston &amp; Ariston Patio<\/strong><\/a><strong>,\u00a0<\/strong>a 10 minutes walk from the event location<\/li>\n<li><a href=\"http:\/\/www.thegoldbankhotel.com\/\" target=\"_blank\" rel=\"noopener\"><strong>The Gold Bank Hotel<\/strong><\/a>, a 15 minutes walk from the event location<\/li>\n<li><a href=\"https:\/\/www.kkhotels.com\/cs\/products\/kk-hotel-central-praha\/\" target=\"_blank\" rel=\"noopener\"><strong>K+K Hotel Central<\/strong><\/a>, a 20 minutes walk from the event location<\/li>\n<li><a href=\"https:\/\/www.hotelolsanka.cz\/en\/homepage\/\" target=\"_blank\" rel=\"noopener\"><strong>Congress&amp;Welness Hotel Ol\u0161anka<\/strong><\/a>, a 25 minutes walk from the event location<\/li>\n<\/ul>\n<p>Participants are responsible for making their own hotel reservation. The cost of the hotel room is not included in the registration fee.<\/p>\n","protected":false},"excerpt":{"rendered":"<p>There are many options as VSE is located in the city center,\u00a0from which the university is accessible by walk (15\u201320&hellip; <\/p>\n","protected":false},"author":1,"featured_media":2968,"parent":0,"menu_order":0,"comment_status":"closed","ping_status":"closed","template":"","meta":[],"_links":{"self":[{"href":"https:\/\/bisconf.org\/2026\/wp-json\/wp\/v2\/pages\/2864"}],"collection":[{"href":"https:\/\/bisconf.org\/2026\/wp-json\/wp\/v2\/pages"}],"about":[{"href":"https:\/\/bisconf.org\/2026\/wp-json\/wp\/v2\/types\/page"}],"author":[{"embeddable":true,"href":"https:\/\/bisconf.org\/2026\/wp-json\/wp\/v2\/users\/1"}],"replies":[{"embeddable":true,"href":"https:\/\/bisconf.org\/2026\/wp-json\/wp\/v2\/comments?post=2864"}],"version-history":[{"count":0,"href":"https:\/\/bisconf.org\/2026\/wp-json\/wp\/v2\/pages\/2864\/revisions"}],"wp:featuredmedia":[{"embeddable":true,"href":"https:\/\/bisconf.org\/2026\/wp-json\/wp\/v2\/media\/2968"}],"wp:attachment":[{"href":"https:\/\/bisconf.org\/2026\/wp-json\/wp\/v2\/media?parent=2864"}],"curies":[{"name":"wp","href":"https:\/\/api.w.org\/{rel}","templated":true}]}}