{"id":2991,"date":"2026-02-09T20:22:43","date_gmt":"2026-02-09T19:22:43","guid":{"rendered":"https:\/\/bisconf.org\/2026\/?page_id=2991"},"modified":"2026-03-24T15:57:05","modified_gmt":"2026-03-24T14:57:05","slug":"ails","status":"publish","type":"page","link":"https:\/\/bisconf.org\/2026\/ails\/","title":{"rendered":"Artificial Intelligence for Logistics and Sustainability (AILS)"},"content":{"rendered":"<p><a href=\"#topic\">Topics of interest<\/a> | <a href=\"#guidelines\">Submission guidelines<\/a> | <a href=\"#dates\">Important dates<\/a> | <a href=\"#organizer\">Organizers and Chairs<\/a> | <a href=\"#members\">Program Committee<\/a><\/p>\n<p>The theme of the BIS 2026 conference, <em>From Hype to Impact: Turning AI into Real Business Value<\/em>, marks the transition from fascination with technology&#8217;s potential to its implementation and generation of real business benefits. In the logistics sector, digital transformation has ceased to be a technological trend and has become a strategic necessity, requiring the redesign of business models and operational processes. <\/p>\n<p>This workshop aims to analyze how digital transformation\u2014including both artificial intelligence and the broader ecosystem of IT solutions\u2014supports the logistics and sustainability in modern business. Papers should focus on the perspective of management and quality sciences, examining organizational readiness and the challenges related to data quality, which are essential for digital technologies to deliver sustainable value. This workshop provides a forum for exchanging knowledge on how to move from the experimental phase to solutions that not only increase efficiency but also solve real environmental and social problems while maintaining business sustainability, especially in the area of logistics. <\/p>\n<p><a name=\"topic\" style=\"margin-top: -100px; display: block;\"> <\/a><\/p>\n<h2 style=\"margin-top: 130px;\">Topics of interest<\/h2>\n<ul>\n<li>Machine Learning, Data Mining and Deep Learning<\/li>\n<li>Business Intelligence<\/li>\n<li>Data Science and Analytics for Management<\/li>\n<li>Sustainable Logistics<\/li>\n<li>Sustainable Entrepreneurship<\/li>\n<li>Corporate Social Responsibility (CSR) and Environmental, Social and Governance Reporting (ESG)<\/li>\n<li>Cloud Computing<\/li>\n<li>Digital Transformation in Logistics<\/li>\n<li>Business Process Management<\/li>\n<li>Robotic Process Automation (RPA)<\/li>\n<li>Information and Cybersecurity Management<\/li>\n<li>Green Transformation and Sustainability<\/li>\n<li>Blockchain for Business Processes<\/li>\n<li>and other topics related to the workshop\u2019s scope.<\/li>\n<\/ul>\n<p><a name=\"guidelines\" style=\"margin-top: -100px; display: block;\"> <\/a><\/p>\n<h2 style=\"margin-top: 130px;\">Submission guidelines<\/h2>\n<p><a href=\"https:\/\/bisconf.org\/2025\/wp-content\/uploads\/2025\/04\/LNBIP_logo.png\"><img loading=\"lazy\" src=\"https:\/\/bisconf.org\/2025\/wp-content\/uploads\/2025\/04\/LNBIP_logo-300x109.png\" alt=\"\" width=\"300\" height=\"109\" class=\"alignright size-medium wp-image-2870\" srcset=\"https:\/\/bisconf.org\/2026\/wp-content\/uploads\/2025\/04\/LNBIP_logo-300x109.png 300w, https:\/\/bisconf.org\/2026\/wp-content\/uploads\/2025\/04\/LNBIP_logo-768x279.png 768w, https:\/\/bisconf.org\/2026\/wp-content\/uploads\/2025\/04\/LNBIP_logo.png 801w\" sizes=\"(max-width: 300px) 100vw, 300px\" \/><\/a> Papers approved for presentation at AILS will be published in the BIS 2026 workshop post-conference proceedings as a volume in Springer\u2019s Lecture Notes in Business Information Processing (LNBIP) series.<\/p>\n<p>Information for LNBIP authors: <a href=\"https:\/\/www.springer.com\/gp\/computer-science\/lncs\/conference-proceedings-guidelines\" rel=\"noopener\" target=\"_blank\">www.springer.com\/gp\/computer-science\/lncs\/conference-proceedings-guidelines<\/a><\/p>\n<ul>\n<li>All papers must be typeset using template: <a href=\"https:\/\/resource-cms.springernature.com\/springer-cms\/rest\/v1\/content\/19238648\/data\/v8\" target=\"_blank\" rel=\"noopener\">LaTeX<\/a> or <a href=\"https:\/\/resource-cms.springernature.com\/springer-cms\/rest\/v1\/content\/19238706\/data\/v6\" target=\"_blank\" rel=\"noopener\">MS Word<\/a> (templates are also available at the <a href=\"https:\/\/www.springer.com\/gp\/computer-science\/lncs\/conference-proceedings-guidelines\" rel=\"noopener\" target=\"_blank\">Springer website<\/a>)<\/li>\n<li>The paper must not exceed 12 pages (including abstract and references)<\/li>\n<li>Work-in-progress reports: max. 6 pages.<\/li>\n<li>Papers must be submitted in PDF format according to the Springer LNBIP template.<\/li>\n<li>Submissions must represent work not previously published or presented elsewhere. Please ensure that your paper is free from any form of plagiarism.<\/li>\n<li>Submissions need to follow <a href=\"https:\/\/link.springer.com\/brands\/springer\/journal-policies#Artificial%20intelligence%20(AI)\" rel=\"noopener\" target=\"_blank\">AI policies<\/a> (especially on AI authorship and Generative AI Images).<\/li>\n<li>Submissions do not need to be blinded.<\/li>\n<\/ul>\n<div style=\"text-align: center;\">\n<div style=\"border: 1px solid #333333; padding: 5px 20px; box-shadow: 2px 2px 2px #999999; background: #fffce8; display: inline-block; font-size: 20px;\">\n    <strong>Submission system<\/strong>: <a href=\"https:\/\/easychair.org\/conferences\/?conf=ails2026\"\">easychair.org\/conferences\/?conf=ails2026<\/a>\n  <\/div>\n<\/div>\n<p><a name=\"dates\" style=\"margin-top: -100px; display: block;\"> <\/a><\/p>\n<h2 style=\"margin-top: 130px;\">Important dates<\/h2>\n<ul>\n<li><strong>March 30, 2026<\/strong> &#8211; submission deadline for papers<\/li>\n<li><strong>TBA<\/strong>\t&#8211; notification of acceptance\/rejection<\/li>\n<li><strong>TBA<\/strong>\t&#8211; submission of final papers<\/li>\n<li><strong>June 10-12, 2026<\/strong> \t&#8211; the workshop<\/li>\n<\/ul>\n<p><a name=\"organizer\" style=\"margin-top: -100px; display: block;\"> <\/a><\/p>\n<h2 style=\"margin-top: 130px;\">Organizers and Chairs<\/h2>\n<ul>\n<li>Dr hab. in\u017c. Paula Bajdor, prof. PW, e-mail: <a href=\"mailto:paula.bajdor@pw.edu.pl\">paula.bajdor@pw.edu.pl<\/a><\/li>\n<li>Dr hab. in\u017c. Marcin Hernes, prof. UEW, e-mail: <a href=\"mailto:marcin.hernes@ue.wroc.pl\">marcin.hernes@ue.wroc.pl<\/a><\/li>\n<li>Dr hab. in\u017c. Marta Starostka-Patyk, prof. PW, e-mail: <a href=\"mailto:marta.patyk@pw.edu.pl\">marta.patyk@pw.edu.pl<\/a><\/li>\n<\/ul>\n<p><a name=\"members\" style=\"margin-top: -100px; display: block;\"> <\/a><\/p>\n<h2 style=\"margin-top: 130px;\">Program Committee<\/h2>\n<ul>\n<li>Agnieszka Bitkowska, Warsaw University of Technology<\/li>\n<li>Witold Chmielarz, University of Warsaw<\/li>\n<li>Wojciech Dro\u017cd\u017c, University of Szczecin<\/li>\n<li>Micha\u0142 Goli\u0144ski, Warsaw School of Economics<\/li>\n<li>Tadeusz Grzeszczyk, Warsaw University of Technology<\/li>\n<li>Tomasz Ja\u0142owiec, Warsaw University of Life Sciences<\/li>\n<li>Dorota Jelonek, Czestochowa University of Technology<\/li>\n<li>Anna Kosieradzka, Warsaw University of Technology<\/li>\n<li>Sebastian Kot, Czestochowa University of Technology<\/li>\n<li>Mieczys\u0142aw Morawski, Warsaw University of Technology<\/li>\n<li>Kesra Nermend, University of Szczecin<\/li>\n<li>Joanna Paliszkiewicz, Warsaw University of Life Sciences<\/li>\n<li>Zbigniew Pastuszak, Maria Curie-Sk\u0142odowska University in Lublin<\/li>\n<li>Maciej Pondel, Wroclaw University of Economics and Business<\/li>\n<li>Katarzyna Rostek, Warsaw University of Technology<\/li>\n<li>Wojciech Sa\u0142abun, West Pomeranian University of Technology in Szczecin<\/li>\n<li>Anna Soltysik-Piorunkiewicz, Katowice University of Economics<\/li>\n<li>Beata \u015alusarczyk, Czestochowa University of Technology<\/li>\n<li>Joanna Tylkiewicz-Dro\u017cd\u017c, University of Szczecin<\/li>\n<li>Jaros\u0142aw W\u0105tr\u00f3bski, University of Szczecin<\/li>\n<\/ul>\n<p>To be extended&#8230;<\/p>\n","protected":false},"excerpt":{"rendered":"<p>Topics of interest | Submission guidelines | Important dates | Organizers and Chairs | Program Committee The theme of the&hellip; <\/p>\n","protected":false},"author":1,"featured_media":0,"parent":0,"menu_order":0,"comment_status":"closed","ping_status":"closed","template":"","meta":[],"_links":{"self":[{"href":"https:\/\/bisconf.org\/2026\/wp-json\/wp\/v2\/pages\/2991"}],"collection":[{"href":"https:\/\/bisconf.org\/2026\/wp-json\/wp\/v2\/pages"}],"about":[{"href":"https:\/\/bisconf.org\/2026\/wp-json\/wp\/v2\/types\/page"}],"author":[{"embeddable":true,"href":"https:\/\/bisconf.org\/2026\/wp-json\/wp\/v2\/users\/1"}],"replies":[{"embeddable":true,"href":"https:\/\/bisconf.org\/2026\/wp-json\/wp\/v2\/comments?post=2991"}],"version-history":[{"count":0,"href":"https:\/\/bisconf.org\/2026\/wp-json\/wp\/v2\/pages\/2991\/revisions"}],"wp:attachment":[{"href":"https:\/\/bisconf.org\/2026\/wp-json\/wp\/v2\/media?parent=2991"}],"curies":[{"name":"wp","href":"https:\/\/api.w.org\/{rel}","templated":true}]}}